{"id":2690,"date":"2022-09-17T10:55:30","date_gmt":"2022-09-17T10:55:30","guid":{"rendered":"https:\/\/cykloant.pl\/?page_id=2690"},"modified":"2022-09-23T18:18:08","modified_gmt":"2022-09-23T18:18:08","slug":"wspolpraca","status":"publish","type":"page","link":"https:\/\/cykloant.pl\/index.php\/wspolpraca\/","title":{"rendered":"Wsp\u00f3\u0142praca"},"content":{"rendered":"\n<div class=\"wp-block-group alignfull has-background\" style=\"background-color:#f2f0e9\"><div class=\"wp-block-group__inner-container is-layout-flow wp-block-group-is-layout-flow\">\n<div style=\"height:70px\" aria-hidden=\"true\" class=\"wp-block-spacer\"><\/div>\n\n\n\n<div class=\"wp-block-columns alignwide are-vertically-aligned-center is-layout-flex wp-container-core-columns-is-layout-9d6595d7 wp-block-columns-is-layout-flex\">\n<div class=\"wp-block-column is-layout-flow wp-block-column-is-layout-flow\" style=\"flex-basis:50%\">\n<p class=\"has-text-color\" style=\"color:#000000;font-size:30px;line-height:1.1\"><strong>Pierwszy krok<\/strong><\/p>\n<\/div>\n\n\n\n<div class=\"wp-block-column is-layout-flow wp-block-column-is-layout-flow\" style=\"flex-basis:50%\">\n<hr class=\"wp-block-separator has-text-color has-css-opacity has-background is-style-wide\" style=\"background-color:#000000;color:#000000\"\/>\n<\/div>\n<\/div>\n\n\n\n<div class=\"wp-block-columns alignwide is-layout-flex wp-container-core-columns-is-layout-9d6595d7 wp-block-columns-is-layout-flex\">\n<div class=\"wp-block-column is-layout-flow wp-block-column-is-layout-flow\">\n<figure class=\"wp-block-image size-full\"><img loading=\"lazy\" decoding=\"async\" width=\"750\" height=\"421\" src=\"https:\/\/cykloant.pl\/wp-content\/uploads\/2022\/09\/188895234_101686442116936_955583664341681599_n-edited-1.jpg\" alt=\"\" class=\"wp-image-2895\" srcset=\"https:\/\/cykloant.pl\/wp-content\/uploads\/2022\/09\/188895234_101686442116936_955583664341681599_n-edited-1.jpg 750w, https:\/\/cykloant.pl\/wp-content\/uploads\/2022\/09\/188895234_101686442116936_955583664341681599_n-edited-1-300x168.jpg 300w\" sizes=\"auto, (max-width: 750px) 100vw, 750px\" \/><\/figure>\n<\/div>\n\n\n\n<div class=\"wp-block-column is-layout-flow wp-block-column-is-layout-flow\">\n<p class=\"has-text-color has-extra-small-font-size\" style=\"color:#000000\">Pierwszym krokiem przed podj\u0119ciem wsp\u00f3\u0142pracy jest szczeg\u00f3\u0142owe zapoznanie si\u0119 z Twoj\u0105 histori\u0105 sportow\u0105, co pozwoli przybli\u017cy\u0107 mi Twoje dotychczasowe osi\u0105gni\u0119cia. Moim g\u0142\u00f3wnym celem jest stworzenie programu treningowego dok\u0142adnie dopasowanego do indywidualnych potrzeb i mo\u017cliwo\u015bci fizycznych oraz treningowych Zawodnika, w ten spos\u00f3b mo\u017cemy wsp\u00f3lnie osi\u0105gn\u0105\u0107 jak najwi\u0119kszy progres i zadowolenie obu stron.<\/p>\n<\/div>\n\n\n\n<div class=\"wp-block-column is-layout-flow wp-block-column-is-layout-flow\">\n<p class=\"has-text-color has-extra-small-font-size\" style=\"color:#000000\">Na wst\u0119pnie prosz\u0119 o wype\u0142nienie formularza profilu zawodnika, na jego podstawia przygotuj\u0119 plan na sezon i wsp\u00f3lnie om\u00f3wimy najwa\u017cniejsze cele i drog\u0119 do nich. Formularz przesy\u0142am po potwierdzeniu zawodnika, i\u017c zaczynamy wsp\u00f3ln\u0105 prac\u0119.<\/p>\n<\/div>\n<\/div>\n<\/div><\/div>\n\n\n\n<div class=\"wp-block-group alignfull has-background\" style=\"background-color:#f2f0e9\"><div class=\"wp-block-group__inner-container is-layout-flow wp-block-group-is-layout-flow\">\n<div class=\"wp-block-columns alignwide are-vertically-aligned-center is-layout-flex wp-container-core-columns-is-layout-9d6595d7 wp-block-columns-is-layout-flex\">\n<div class=\"wp-block-column is-layout-flow wp-block-column-is-layout-flow\" style=\"flex-basis:50%\">\n<p class=\"has-text-color\" style=\"color:#000000;font-size:30px;line-height:1.1\"><strong>Wysoka forma<\/strong><\/p>\n<\/div>\n\n\n\n<div class=\"wp-block-column is-layout-flow wp-block-column-is-layout-flow\" style=\"flex-basis:50%\">\n<hr class=\"wp-block-separator has-text-color has-css-opacity has-background is-style-wide\" style=\"background-color:#000000;color:#000000\"\/>\n<\/div>\n<\/div>\n\n\n\n<div class=\"wp-block-columns alignwide is-layout-flex wp-container-core-columns-is-layout-9d6595d7 wp-block-columns-is-layout-flex\">\n<div class=\"wp-block-column is-layout-flow wp-block-column-is-layout-flow\">\n<figure class=\"wp-block-image size-large\"><img loading=\"lazy\" decoding=\"async\" width=\"1024\" height=\"683\" src=\"https:\/\/cykloant.pl\/wp-content\/uploads\/2022\/09\/FB_IMG_1628712463508-1-1024x683.jpg\" alt=\"\" class=\"wp-image-2807\" srcset=\"https:\/\/cykloant.pl\/wp-content\/uploads\/2022\/09\/FB_IMG_1628712463508-1-1024x683.jpg 1024w, https:\/\/cykloant.pl\/wp-content\/uploads\/2022\/09\/FB_IMG_1628712463508-1-300x200.jpg 300w, https:\/\/cykloant.pl\/wp-content\/uploads\/2022\/09\/FB_IMG_1628712463508-1-768x512.jpg 768w, https:\/\/cykloant.pl\/wp-content\/uploads\/2022\/09\/FB_IMG_1628712463508-1.jpg 1080w\" sizes=\"auto, (max-width: 1024px) 100vw, 1024px\" \/><\/figure>\n\n\n\n<figure class=\"wp-block-image size-full\"><img loading=\"lazy\" decoding=\"async\" width=\"800\" height=\"532\" src=\"https:\/\/cykloant.pl\/wp-content\/uploads\/2022\/09\/213058707_118993173652406_4888425258458255512_n-1.jpg\" alt=\"\" class=\"wp-image-2811\" srcset=\"https:\/\/cykloant.pl\/wp-content\/uploads\/2022\/09\/213058707_118993173652406_4888425258458255512_n-1.jpg 800w, https:\/\/cykloant.pl\/wp-content\/uploads\/2022\/09\/213058707_118993173652406_4888425258458255512_n-1-300x200.jpg 300w, https:\/\/cykloant.pl\/wp-content\/uploads\/2022\/09\/213058707_118993173652406_4888425258458255512_n-1-768x511.jpg 768w\" sizes=\"auto, (max-width: 800px) 100vw, 800px\" \/><\/figure>\n<\/div>\n\n\n\n<div class=\"wp-block-column is-layout-flow wp-block-column-is-layout-flow\">\n<p class=\"has-black-color has-text-color\">Znaj\u0105c zawodnika zak\u0142adamy mu konto na platformie treningowej TP (<a href=\"http:\/\/trainingpeaks.com\/\" target=\"_blank\" rel=\"noreferrer noopener\">trainingpeaks.com<\/a>). Ka\u017cdy trening jest zamieszczony na indywidualnym profilu \u2013 w jego kalendarzu.&nbsp; Po sparowaniu Konta z urz\u0105dzeniami monitoruj\u0105cymi, kt\u00f3re ka\u017cdy powinien posiada\u0107 przed rozpocz\u0119ciem wsp\u00f3\u0142pracy (Zegarek\/ Licznik GPS, pomiar t\u0119tna lub mocy \u2013 zalecane oby dwa), zawodnik po wykonanym treningu wysy\u0142a informacj\u0119 zwrotn\u0105 o przeprowadzonej jednostce treningowej (dane z licznika \/ pulsometru wysy\u0142aj\u0105 si\u0119 automatycznie po zako\u0144czonym treningu) oraz opisuje w kilku zdaniach przebieg danego treningu oraz samopoczucie w skali 1-6.<\/p>\n\n\n\n<p class=\"has-black-color has-text-color\">W ten spos\u00f3b jestem w stanie analizowa\u0107 jednostki treningowe, monitorowa\u0107 aktualny stopie\u0144 wytrenowania zawodnika, post\u0119py w treningu, zm\u0119czenie oraz inne parametry niezb\u0119dne w procesie treningowym.<\/p>\n<\/div>\n\n\n\n<div class=\"wp-block-column is-layout-flow wp-block-column-is-layout-flow\">\n<p class=\"has-black-color has-text-color\">Chcesz zajmowa\u0107 wysokie miejsca w zawodach lub po prostu dojecha\u0107 do METY i mie\u0107 jeszcze si\u0142\u0119 aby \u015bwi\u0119towa\u0107&nbsp;<img decoding=\"async\" alt=\"\ud83d\ude09\" src=\"https:\/\/fonts.gstatic.com\/s\/e\/notoemoji\/14.0\/1f609\/32.png\">, a mo\u017ce po prostu chcesz poprawi\u0107 swoj\u0105 kondycj\u0119 i \u015bwietnie si\u0119 bawi\u0107 ???<\/p>\n\n\n\n<p class=\"has-black-color has-text-color\">Podoba Ci si\u0119 proponowana forma wsp\u00f3\u0142pracy, zapoznaj si\u0119 z zak\u0142adk\u0105 OFERTA, razem okre\u015blimy i osi\u0105gniemy Tw\u00f3j CEL !<\/p>\n\n\n\n<figure class=\"wp-block-image size-large\"><img loading=\"lazy\" decoding=\"async\" width=\"1024\" height=\"682\" src=\"https:\/\/cykloant.pl\/wp-content\/uploads\/2022\/09\/235884362_4288585974553056_2446948910815845018_n-1-1024x682.jpg\" alt=\"\" class=\"wp-image-2812\" srcset=\"https:\/\/cykloant.pl\/wp-content\/uploads\/2022\/09\/235884362_4288585974553056_2446948910815845018_n-1-1024x682.jpg 1024w, https:\/\/cykloant.pl\/wp-content\/uploads\/2022\/09\/235884362_4288585974553056_2446948910815845018_n-1-300x200.jpg 300w, https:\/\/cykloant.pl\/wp-content\/uploads\/2022\/09\/235884362_4288585974553056_2446948910815845018_n-1-768x511.jpg 768w, https:\/\/cykloant.pl\/wp-content\/uploads\/2022\/09\/235884362_4288585974553056_2446948910815845018_n-1-1536x1022.jpg 1536w, https:\/\/cykloant.pl\/wp-content\/uploads\/2022\/09\/235884362_4288585974553056_2446948910815845018_n-1-1568x1044.jpg 1568w, https:\/\/cykloant.pl\/wp-content\/uploads\/2022\/09\/235884362_4288585974553056_2446948910815845018_n-1.jpg 1920w\" sizes=\"auto, (max-width: 1024px) 100vw, 1024px\" \/><\/figure>\n<\/div>\n<\/div>\n\n\n\n<div style=\"height:40px\" aria-hidden=\"true\" class=\"wp-block-spacer\"><\/div>\n<\/div><\/div>\n","protected":false},"excerpt":{"rendered":"<p>Pierwszy krok Pierwszym krokiem przed podj\u0119ciem wsp\u00f3\u0142pracy jest szczeg\u00f3\u0142owe zapoznanie si\u0119 z Twoj\u0105 histori\u0105 sportow\u0105, co pozwoli przybli\u017cy\u0107 mi Twoje dotychczasowe osi\u0105gni\u0119cia. Moim g\u0142\u00f3wnym celem jest stworzenie programu treningowego dok\u0142adnie dopasowanego do indywidualnych potrzeb i mo\u017cliwo\u015bci fizycznych oraz treningowych Zawodnika, w ten spos\u00f3b mo\u017cemy wsp\u00f3lnie osi\u0105gn\u0105\u0107 jak najwi\u0119kszy progres i zadowolenie obu stron. Na wst\u0119pnie&hellip; <a class=\"more-link\" href=\"https:\/\/cykloant.pl\/index.php\/wspolpraca\/\">Czytaj dalej <span class=\"screen-reader-text\">Wsp\u00f3\u0142praca<\/span><\/a><\/p>\n","protected":false},"author":1,"featured_media":0,"parent":0,"menu_order":0,"comment_status":"closed","ping_status":"closed","template":"","meta":{"footnotes":""},"class_list":["post-2690","page","type-page","status-publish","hentry","entry"],"_links":{"self":[{"href":"https:\/\/cykloant.pl\/index.php\/wp-json\/wp\/v2\/pages\/2690","targetHints":{"allow":["GET"]}}],"collection":[{"href":"https:\/\/cykloant.pl\/index.php\/wp-json\/wp\/v2\/pages"}],"about":[{"href":"https:\/\/cykloant.pl\/index.php\/wp-json\/wp\/v2\/types\/page"}],"author":[{"embeddable":true,"href":"https:\/\/cykloant.pl\/index.php\/wp-json\/wp\/v2\/users\/1"}],"replies":[{"embeddable":true,"href":"https:\/\/cykloant.pl\/index.php\/wp-json\/wp\/v2\/comments?post=2690"}],"version-history":[{"count":33,"href":"https:\/\/cykloant.pl\/index.php\/wp-json\/wp\/v2\/pages\/2690\/revisions"}],"predecessor-version":[{"id":2957,"href":"https:\/\/cykloant.pl\/index.php\/wp-json\/wp\/v2\/pages\/2690\/revisions\/2957"}],"wp:attachment":[{"href":"https:\/\/cykloant.pl\/index.php\/wp-json\/wp\/v2\/media?parent=2690"}],"curies":[{"name":"wp","href":"https:\/\/api.w.org\/{rel}","templated":true}]}}