{"id":2691,"date":"2022-09-17T10:55:31","date_gmt":"2022-09-17T10:55:31","guid":{"rendered":"https:\/\/cykloant.pl\/?page_id=2691"},"modified":"2022-09-23T20:23:05","modified_gmt":"2022-09-23T20:23:05","slug":"oferta","status":"publish","type":"page","link":"https:\/\/cykloant.pl\/index.php\/oferta\/","title":{"rendered":"Oferta"},"content":{"rendered":"\n<div class=\"wp-block-columns alignfull has-text-color has-background is-layout-flex wp-container-core-columns-is-layout-9d6595d7 wp-block-columns-is-layout-flex\" style=\"background-color:#eeeadd;color:#000000\">\n<div class=\"wp-block-column is-layout-flow wp-block-column-is-layout-flow\">\n<figure class=\"wp-block-image size-large\"><img loading=\"lazy\" decoding=\"async\" width=\"1076\" height=\"604\" src=\"https:\/\/cykloant.pl\/wp-content\/uploads\/2022\/09\/WhatsApp-Image-2022-06-06-at-13.18.08-1-edited-1.jpeg\" alt=\"\" class=\"wp-image-2856\" srcset=\"https:\/\/cykloant.pl\/wp-content\/uploads\/2022\/09\/WhatsApp-Image-2022-06-06-at-13.18.08-1-edited-1.jpeg 1076w, https:\/\/cykloant.pl\/wp-content\/uploads\/2022\/09\/WhatsApp-Image-2022-06-06-at-13.18.08-1-edited-1-300x168.jpeg 300w, https:\/\/cykloant.pl\/wp-content\/uploads\/2022\/09\/WhatsApp-Image-2022-06-06-at-13.18.08-1-edited-1-1024x575.jpeg 1024w, https:\/\/cykloant.pl\/wp-content\/uploads\/2022\/09\/WhatsApp-Image-2022-06-06-at-13.18.08-1-edited-1-768x431.jpeg 768w\" sizes=\"auto, (max-width: 1076px) 100vw, 1076px\" \/><\/figure>\n\n\n\n<h3 class=\"wp-block-heading\" style=\"font-size:24px;line-height:1.3\"><strong>HOBBY \u2197<\/strong><\/h3>\n\n\n\n<ul class=\"wp-block-list\" id=\"block-199ca33c-c686-4b4c-960f-4e9117eba09d\"><li>wywiad z zawodnikiem<\/li><li>indywidualny plan treningowy przygotowany na 2 tygodnie do przodu<\/li><li>trening opracowany w oparciu o strefy t\u0119tna lub mocy<\/li><li>trening &#8222;podany&#8221; na platformie TrainingPeaks<\/li><li>zestaw \u0107wicze\u0144 na si\u0142ownie i stabilizacji wewn\u0119trznej oraz rolowania i rozci\u0105gania<\/li><li>mo\u017cliwo\u015b\u0107 korekty planu 1 x w cyklu (2tyg)<\/li><li>kontakt whatsapp, messenger<\/li><\/ul>\n<\/div>\n\n\n\n<div class=\"wp-block-column is-layout-flow wp-block-column-is-layout-flow\">\n<figure class=\"wp-block-image size-large\"><img loading=\"lazy\" decoding=\"async\" width=\"1024\" height=\"577\" src=\"https:\/\/cykloant.pl\/wp-content\/uploads\/2022\/09\/WhatsApp-Image-2022-06-07-at-14.22.131-edited-1024x577.jpeg\" alt=\"\" class=\"wp-image-2830\" srcset=\"https:\/\/cykloant.pl\/wp-content\/uploads\/2022\/09\/WhatsApp-Image-2022-06-07-at-14.22.131-edited-1024x577.jpeg 1024w, https:\/\/cykloant.pl\/wp-content\/uploads\/2022\/09\/WhatsApp-Image-2022-06-07-at-14.22.131-edited-300x169.jpeg 300w, https:\/\/cykloant.pl\/wp-content\/uploads\/2022\/09\/WhatsApp-Image-2022-06-07-at-14.22.131-edited-768x433.jpeg 768w, https:\/\/cykloant.pl\/wp-content\/uploads\/2022\/09\/WhatsApp-Image-2022-06-07-at-14.22.131-edited-1536x866.jpeg 1536w, https:\/\/cykloant.pl\/wp-content\/uploads\/2022\/09\/WhatsApp-Image-2022-06-07-at-14.22.131-edited-1568x884.jpeg 1568w, https:\/\/cykloant.pl\/wp-content\/uploads\/2022\/09\/WhatsApp-Image-2022-06-07-at-14.22.131-edited.jpeg 1596w\" sizes=\"auto, (max-width: 1024px) 100vw, 1024px\" \/><\/figure>\n\n\n\n<h3 class=\"wp-block-heading\" style=\"font-size:24px;line-height:1.3\"><strong>PRO \u2197<\/strong><\/h3>\n\n\n\n<ul class=\"wp-block-list\" id=\"block-7d42cfe2-f1d2-459d-a726-cf3d84f46aba\"><li>wywiad z zawodnikiem<\/li><li>indywidualny plan treningowy przygotowany tydzie\u0144 do przodu<\/li><li>trening opracowany w oparciu o strefy&nbsp;&nbsp;t\u0119tna, mocy i kadencji<\/li><li>konto na platformie TrainingPeaks podpi\u0119te do konta trenerskiego No Limited<\/li><li>taktyka na zawody oraz doradztwo \u017cywieniowe na trasie<\/li><li>dob\u00f3r Maraton\u00f3w, zawod\u00f3w pod profil zawodnika<\/li><li>zestawy \u0107wicze\u0144: na si\u0142ownie, stabilizacji wewn\u0119trznej dla kolarzy oraz rolowania i&nbsp;&nbsp;rozci\u0105gania<\/li><li>mo\u017cliwo\u015b\u0107 wsp\u00f3lnej jazdy w terenie *<\/li><li>mo\u017cliwo\u015b\u0107 wsp\u00f3lnego treningu na si\u0142owni *<\/li><li>korekta planu bez ogranicze\u0144<\/li><li>kontakt whatsapp, messenger bez ogranicze\u0144 oraz konsultacje telefoniczne<\/li><\/ul>\n<\/div>\n\n\n\n<div class=\"wp-block-column is-layout-flow wp-block-column-is-layout-flow\">\n<figure class=\"wp-block-image size-large\"><img loading=\"lazy\" decoding=\"async\" width=\"2048\" height=\"1154\" src=\"https:\/\/cykloant.pl\/wp-content\/uploads\/2022\/09\/WhatsApp-Image-2022-07-03-at-15.31.53-edited-1.jpeg\" alt=\"\" class=\"wp-image-2857\" srcset=\"https:\/\/cykloant.pl\/wp-content\/uploads\/2022\/09\/WhatsApp-Image-2022-07-03-at-15.31.53-edited-1.jpeg 2048w, https:\/\/cykloant.pl\/wp-content\/uploads\/2022\/09\/WhatsApp-Image-2022-07-03-at-15.31.53-edited-1-300x169.jpeg 300w, https:\/\/cykloant.pl\/wp-content\/uploads\/2022\/09\/WhatsApp-Image-2022-07-03-at-15.31.53-edited-1-1024x577.jpeg 1024w, https:\/\/cykloant.pl\/wp-content\/uploads\/2022\/09\/WhatsApp-Image-2022-07-03-at-15.31.53-edited-1-768x433.jpeg 768w, https:\/\/cykloant.pl\/wp-content\/uploads\/2022\/09\/WhatsApp-Image-2022-07-03-at-15.31.53-edited-1-1536x866.jpeg 1536w, https:\/\/cykloant.pl\/wp-content\/uploads\/2022\/09\/WhatsApp-Image-2022-07-03-at-15.31.53-edited-1-1568x884.jpeg 1568w\" sizes=\"auto, (max-width: 2048px) 100vw, 2048px\" \/><\/figure>\n\n\n\n<h3 class=\"wp-block-heading\" style=\"font-size:24px;line-height:1.3\"><strong>TEAM \u2197<\/strong><\/h3>\n\n\n\n<ul class=\"wp-block-list\" id=\"block-c805a35e-24f9-4978-bf33-56e03755a25c\"><li>wywiad z zawodnikiem <\/li><li>indywidualny plan treningowy przygotowany tydzie\u0144 do przodu<\/li><li>trening opracowany w oparciu o strefy t\u0119tna, mocy i kadencji<\/li><li>konto na platformie TrainingPeaks podpi\u0119te do konta trenerskiego No Limited<\/li><li>taktyka na zawody oraz doradztwo \u017cywieniowe na trasie<\/li><li>dob\u00f3r Maraton\u00f3w, zawod\u00f3w pod profil zawodnika<\/li><li>zestawy \u0107wicze\u0144: na si\u0142ownie, stabilizacji wewn\u0119trznej dla kolarzy oraz rozci\u0105gania i rozci\u0105gania<\/li><li>mo\u017cliwo\u015b\u0107 wsp\u00f3lnej jazdy w terenie *<\/li><li>mo\u017cliwo\u015b\u0107 wsp\u00f3lnego treningu na si\u0142owni *<\/li><li>korekta planu bez ogranicze\u0144<\/li><li>kontakt whatsapp, meesenger bez ogranicze\u0144 oraz konsultacje telefoniczne<\/li><li>wsp\u00f3lny udzia\u0142 w wybranych imprezach MTB oraz \u015bwietna zabawa<\/li><li>wsp\u00f3lne treningi oraz objazdy tras przed zawodami<\/li><\/ul>\n<\/div>\n<\/div>\n\n\n\n<p>*** Pakiet Team jest dost\u0119pny tylko dla zawodnik\u00f3w Temu Pucha\u0142kaSPORT &#8211; CykloANT aby by\u0107 zawodnikiem teamu, nale\u017cy posiada\u0107 str\u00f3j Teamowy oraz wystartowa\u0107 minimum w 10 zawodach w sezonie w Naszych barwach, wi\u0119cej informacji kontakt telefoniczny 729-924-259 Wojtek.<\/p>\n","protected":false},"excerpt":{"rendered":"<p>HOBBY \u2197 wywiad z zawodnikiem indywidualny plan treningowy przygotowany na 2 tygodnie do przodu trening opracowany w oparciu o strefy t\u0119tna lub mocy trening &#8222;podany&#8221; na platformie TrainingPeaks zestaw \u0107wicze\u0144 na si\u0142ownie i stabilizacji wewn\u0119trznej oraz rolowania i rozci\u0105gania mo\u017cliwo\u015b\u0107 korekty planu 1 x w cyklu (2tyg) kontakt whatsapp, messenger PRO \u2197 wywiad z zawodnikiem&hellip; <a class=\"more-link\" href=\"https:\/\/cykloant.pl\/index.php\/oferta\/\">Czytaj dalej <span class=\"screen-reader-text\">Oferta<\/span><\/a><\/p>\n","protected":false},"author":1,"featured_media":0,"parent":0,"menu_order":0,"comment_status":"closed","ping_status":"closed","template":"","meta":{"footnotes":""},"class_list":["post-2691","page","type-page","status-publish","hentry","entry"],"_links":{"self":[{"href":"https:\/\/cykloant.pl\/index.php\/wp-json\/wp\/v2\/pages\/2691","targetHints":{"allow":["GET"]}}],"collection":[{"href":"https:\/\/cykloant.pl\/index.php\/wp-json\/wp\/v2\/pages"}],"about":[{"href":"https:\/\/cykloant.pl\/index.php\/wp-json\/wp\/v2\/types\/page"}],"author":[{"embeddable":true,"href":"https:\/\/cykloant.pl\/index.php\/wp-json\/wp\/v2\/users\/1"}],"replies":[{"embeddable":true,"href":"https:\/\/cykloant.pl\/index.php\/wp-json\/wp\/v2\/comments?post=2691"}],"version-history":[{"count":24,"href":"https:\/\/cykloant.pl\/index.php\/wp-json\/wp\/v2\/pages\/2691\/revisions"}],"predecessor-version":[{"id":2976,"href":"https:\/\/cykloant.pl\/index.php\/wp-json\/wp\/v2\/pages\/2691\/revisions\/2976"}],"wp:attachment":[{"href":"https:\/\/cykloant.pl\/index.php\/wp-json\/wp\/v2\/media?parent=2691"}],"curies":[{"name":"wp","href":"https:\/\/api.w.org\/{rel}","templated":true}]}}