{"id":2692,"date":"2022-09-17T10:55:31","date_gmt":"2022-09-17T10:55:31","guid":{"rendered":"https:\/\/cykloant.pl\/?page_id=2692"},"modified":"2022-09-23T17:55:19","modified_gmt":"2022-09-23T17:55:19","slug":"opinie","status":"publish","type":"page","link":"https:\/\/cykloant.pl\/index.php\/opinie\/","title":{"rendered":"Opinie"},"content":{"rendered":"\n<div class=\"wp-block-media-text alignfull is-stacked-on-mobile is-image-fill has-yellow-background-color has-background\"><figure class=\"wp-block-media-text__media\" style=\"background-image:url(https:\/\/cykloant.pl\/wp-content\/uploads\/2022\/09\/WhatsApp-Image-2022-04-27-at-18.06.37-1024x683.jpeg);background-position:57.99999999999999% 3%\"><img loading=\"lazy\" decoding=\"async\" width=\"1024\" height=\"683\" src=\"https:\/\/cykloant.pl\/wp-content\/uploads\/2022\/09\/WhatsApp-Image-2022-04-27-at-18.06.37-1024x683.jpeg\" alt=\"\" class=\"wp-image-2737 size-full\" srcset=\"https:\/\/cykloant.pl\/wp-content\/uploads\/2022\/09\/WhatsApp-Image-2022-04-27-at-18.06.37-1024x683.jpeg 1024w, https:\/\/cykloant.pl\/wp-content\/uploads\/2022\/09\/WhatsApp-Image-2022-04-27-at-18.06.37-300x200.jpeg 300w, https:\/\/cykloant.pl\/wp-content\/uploads\/2022\/09\/WhatsApp-Image-2022-04-27-at-18.06.37-768x512.jpeg 768w, https:\/\/cykloant.pl\/wp-content\/uploads\/2022\/09\/WhatsApp-Image-2022-04-27-at-18.06.37.jpeg 1080w\" sizes=\"auto, (max-width: 1024px) 100vw, 1024px\" \/><\/figure><div class=\"wp-block-media-text__content\">\n<p>&#8221; Polecam Wojtka ka\u017cdemu, kto ma ochot\u0119 na ponadprzeci\u0119tne wyniki w kr\u00f3tkim czasie. Z zawodnika, kt\u00f3ry ko\u0144czy\u0142 zawody w okolicach 85-130 miejsce, zrobi\u0142 regularnie je\u017cd\u017c\u0105cego go\u015bcia, kt\u00f3ry przyje\u017cd\u017ca w okolicach 27-65 pozycji.<br>Jestem pod opiek\u0105 Wojtka od listopada 2021 i ju\u017c w sezonie 2022 wyniki s\u0105 ponad za\u0142o\u017ceniami, kt\u00f3re mia\u0142em na pocz\u0105tku wsp\u00f3\u0142pracy. Treningi rozpisane indywidualnie pod moje samopoczucie i zgrane z \u017cyciem zawodowym. Nie ma tu przypadk\u00f3w i sterowanie aktualn\u0105 dyspozycj\u0105 jest na najwy\u017cszym poziomie&#8221;<\/p>\n\n\n\n<p>Piotr Podg\u00f3rski<\/p>\n<\/div><\/div>\n\n\n\n<div class=\"wp-block-media-text alignfull has-media-on-the-right is-stacked-on-mobile is-image-fill has-yellow-background-color has-background\"><figure class=\"wp-block-media-text__media\" style=\"background-image:url(https:\/\/cykloant.pl\/wp-content\/uploads\/2022\/09\/WhatsApp-Image-2022-09-01-at-22.57.20-1024x683.jpeg);background-position:62% 28.000000000000004%\"><img loading=\"lazy\" decoding=\"async\" width=\"1024\" height=\"683\" src=\"https:\/\/cykloant.pl\/wp-content\/uploads\/2022\/09\/WhatsApp-Image-2022-09-01-at-22.57.20-1024x683.jpeg\" alt=\"\" class=\"wp-image-2741 size-full\" srcset=\"https:\/\/cykloant.pl\/wp-content\/uploads\/2022\/09\/WhatsApp-Image-2022-09-01-at-22.57.20-1024x683.jpeg 1024w, https:\/\/cykloant.pl\/wp-content\/uploads\/2022\/09\/WhatsApp-Image-2022-09-01-at-22.57.20-300x200.jpeg 300w, https:\/\/cykloant.pl\/wp-content\/uploads\/2022\/09\/WhatsApp-Image-2022-09-01-at-22.57.20-768x512.jpeg 768w, https:\/\/cykloant.pl\/wp-content\/uploads\/2022\/09\/WhatsApp-Image-2022-09-01-at-22.57.20.jpeg 1080w\" sizes=\"auto, (max-width: 1024px) 100vw, 1024px\" \/><\/figure><div class=\"wp-block-media-text__content\">\n<p>&#8222;Moim zdaniem Wojt Cykloant to zajebisty trener. Treningi nie traktuje na zasadzie &#8222;kopiuj wklej&#8221; tylko wszystko jest przemy\u015blane i wnikliwie przeanalizowane wcze\u015bniej. Ze mn\u0105 nie ma \u0142atwego \u017cycia, ale my\u015bl\u0119, \u017ce si\u0119 dogadujemy r\u00f3wnie\u017c na stopie kole\u017ce\u0144skiej, a co wa\u017cne Wojtek tak dobiera treningi, \u017ce nie s\u0105 one tylko efektywne ale co najwa\u017cniejsze daj\u0105 du\u017co frajdy! Nie z musu ale dla przyjemno\u015bci bo po to przecie\u017c to robimy!&#8221;<\/p>\n\n\n\n<p>Darek Warzecha<\/p>\n<\/div><\/div>\n\n\n\n<div class=\"wp-block-media-text alignfull is-stacked-on-mobile is-image-fill has-yellow-background-color has-background\"><figure class=\"wp-block-media-text__media\" style=\"background-image:url(https:\/\/cykloant.pl\/wp-content\/uploads\/2022\/09\/WhatsApp-Image-2022-09-01-at-22.45.11-1024x687.jpeg);background-position:50% 50%\"><img loading=\"lazy\" decoding=\"async\" width=\"1024\" height=\"687\" src=\"https:\/\/cykloant.pl\/wp-content\/uploads\/2022\/09\/WhatsApp-Image-2022-09-01-at-22.45.11-1024x687.jpeg\" alt=\"\" class=\"wp-image-2742 size-full\" srcset=\"https:\/\/cykloant.pl\/wp-content\/uploads\/2022\/09\/WhatsApp-Image-2022-09-01-at-22.45.11-1024x687.jpeg 1024w, https:\/\/cykloant.pl\/wp-content\/uploads\/2022\/09\/WhatsApp-Image-2022-09-01-at-22.45.11-300x201.jpeg 300w, https:\/\/cykloant.pl\/wp-content\/uploads\/2022\/09\/WhatsApp-Image-2022-09-01-at-22.45.11-768x516.jpeg 768w, https:\/\/cykloant.pl\/wp-content\/uploads\/2022\/09\/WhatsApp-Image-2022-09-01-at-22.45.11.jpeg 1080w\" sizes=\"auto, (max-width: 1024px) 100vw, 1024px\" \/><\/figure><div class=\"wp-block-media-text__content\">\n<p>&#8222;Od momentu rozpocz\u0119cia wsp\u00f3\u0142pracy z Wojt Cykloant, regularnie podnosz\u0119 sw\u00f3j poziom sportowy \u2013 zauwa\u017calnie wy\u017csza moc na progu FTP, wy\u017csza wydolno\u015b\u0107 i si\u0142a. Mam poczucie, \u017ce ka\u017cdy m\u00f3j trening zbli\u017ca mnie do osi\u0105gni\u0119cia celu, a ka\u017cda godzina na rowerze opr\u00f3cz tego, \u017ce jest frajd\u0105 i przyjemno\u015bci\u0105 jest te\u017c efektywnym treningiem. Ju\u017c pierwsze miesi\u0105ce wsp\u00f3\u0142pracy to zauwa\u017calna poprawa parametr\u00f3w oraz zwi\u0119kszenie motywacji do systematycznej pracy nad sob\u0105.<br>Aspekt merytoryczny bez zarzutu \u2013 ogromna wiedza, ch\u0119\u0107 dzielenia si\u0119 ni\u0105 i b\u0142yskawiczne odpowiedzi na wszelkie pytania dotycz\u0105ce treningu powoduj\u0105, \u017ce kontakt jest bardzo przyjemny i profesjonalny. Trening nie ma charakteru re\u017cimu \u2013 wszystkie plany s\u0105 rozpisane w jasny i zrozumia\u0142y spos\u00f3b, wraz z informacj\u0105 jakie aspekty formy s\u0105 \u0107wiczone.. Zdecydowanie polecam !&#8221;<\/p>\n\n\n\n<p>Pawe\u0142 Starzycki<\/p>\n<\/div><\/div>\n\n\n\n<div class=\"wp-block-media-text alignfull has-media-on-the-right is-stacked-on-mobile is-image-fill has-yellow-background-color has-background\"><figure class=\"wp-block-media-text__media\" style=\"background-image:url(https:\/\/cykloant.pl\/wp-content\/uploads\/2022\/09\/1750_20220701122012_IMG_7434-1024x682.jpg);background-position:50% 50%\"><img loading=\"lazy\" decoding=\"async\" width=\"1024\" height=\"682\" src=\"https:\/\/cykloant.pl\/wp-content\/uploads\/2022\/09\/1750_20220701122012_IMG_7434-1024x682.jpg\" alt=\"\" class=\"wp-image-2738 size-full\" srcset=\"https:\/\/cykloant.pl\/wp-content\/uploads\/2022\/09\/1750_20220701122012_IMG_7434-1024x682.jpg 1024w, https:\/\/cykloant.pl\/wp-content\/uploads\/2022\/09\/1750_20220701122012_IMG_7434-300x200.jpg 300w, https:\/\/cykloant.pl\/wp-content\/uploads\/2022\/09\/1750_20220701122012_IMG_7434-768x512.jpg 768w, https:\/\/cykloant.pl\/wp-content\/uploads\/2022\/09\/1750_20220701122012_IMG_7434-1536x1024.jpg 1536w, https:\/\/cykloant.pl\/wp-content\/uploads\/2022\/09\/1750_20220701122012_IMG_7434-1568x1045.jpg 1568w, https:\/\/cykloant.pl\/wp-content\/uploads\/2022\/09\/1750_20220701122012_IMG_7434.jpg 2000w\" sizes=\"auto, (max-width: 1024px) 100vw, 1024px\" \/><\/figure><div class=\"wp-block-media-text__content\">\n<p>&#8222;Czy mo\u017cna zmieni\u0107 podej\u015bcie do \u017cycia po 40 stce ? Mo\u017cna ! Czy mo\u017cna zacz\u0105\u0107 profesjonalnie je\u017adzi\u0107 na rowerze mo\u017cna, czy mo\u017cna zacz\u0105\u0107 profesjonalny trening mo\u017cna, czy mo\u017cna zacz\u0105\u0107 zdrowy tryb \u017cycia mo\u017cna, wystarczy spotka\u0107 na swojej drodze Wojta Pucha\u0142ka kt\u00f3ry wci\u0105gnie Ci\u0119 bez reszty w \u015bwiat \u015bcigania si\u0119 na rowerze MTB.<br>Na potwierdzenie pierwszych efekt\u00f3w treningu zimowego ,pierwsze zawody z cyklu Bike Atelier MTB Maraton Rybnik i chcia\u0142em by\u0107 w pierwszej setce i 83 Open 31 kat M40 ,obecnie po 8 maratonach w generalce 17 Open i 7 w kat M40 wyniki m\u00f3wi\u0105 same za siebie.<br>Na dok\u0142adk\u0119 Bike Adventure Szklarska Por\u0119ba pierwszy raz w \u017cyciu 4 etapy 21 w kat M 40.<br>Efekty widoczne go\u0142ym okiem dzi\u0119ki indywidualnemu podej\u015bciu trenera &nbsp;do zawodnika, trening dopasowany do mo\u017cliwo\u015bci czasowych, mo\u017cna liczy\u0107 na wyjazdy z technicznymi wskaz\u00f3wkami, wsp\u00f3lne teamowe objazdy tras, porady dietetyczne przed i po startach. Na to wszystko sk\u0142ada si\u0119 wsp\u00f3\u0142praca z Wojtkiem, du\u017co by jeszcze pisa\u0107 o mo\u017cliwo\u015bci treningu na si\u0142owni ,regeneracji  i rehabilitacja trzeba po prostu w to wej\u015b\u0107 i dobrze si\u0119 bawi\u0107&#8221;.<\/p>\n\n\n\n<p>Dawid Sosna<\/p>\n<\/div><\/div>\n\n\n\n<div class=\"wp-block-media-text alignfull is-stacked-on-mobile is-image-fill has-yellow-background-color has-background\"><figure class=\"wp-block-media-text__media\" style=\"background-image:url(https:\/\/cykloant.pl\/wp-content\/uploads\/2022\/09\/WhatsApp-Image-2022-08-25-at-09.12.59-1024x682.jpeg);background-position:56.00000000000001% 23%\"><img loading=\"lazy\" decoding=\"async\" width=\"1024\" height=\"682\" src=\"https:\/\/cykloant.pl\/wp-content\/uploads\/2022\/09\/WhatsApp-Image-2022-08-25-at-09.12.59-1024x682.jpeg\" alt=\"\" class=\"wp-image-2911 size-full\" srcset=\"https:\/\/cykloant.pl\/wp-content\/uploads\/2022\/09\/WhatsApp-Image-2022-08-25-at-09.12.59-1024x682.jpeg 1024w, https:\/\/cykloant.pl\/wp-content\/uploads\/2022\/09\/WhatsApp-Image-2022-08-25-at-09.12.59-300x200.jpeg 300w, https:\/\/cykloant.pl\/wp-content\/uploads\/2022\/09\/WhatsApp-Image-2022-08-25-at-09.12.59-768x512.jpeg 768w, https:\/\/cykloant.pl\/wp-content\/uploads\/2022\/09\/WhatsApp-Image-2022-08-25-at-09.12.59-1536x1023.jpeg 1536w, https:\/\/cykloant.pl\/wp-content\/uploads\/2022\/09\/WhatsApp-Image-2022-08-25-at-09.12.59-1568x1045.jpeg 1568w, https:\/\/cykloant.pl\/wp-content\/uploads\/2022\/09\/WhatsApp-Image-2022-08-25-at-09.12.59.jpeg 1600w\" sizes=\"auto, (max-width: 1024px) 100vw, 1024px\" \/><\/figure><div class=\"wp-block-media-text__content\">\n<p>&#8222;Dla mnie najwa\u017cniejsze w pracy z trenerem jest indywidualne podej\u015bcie do zawodnika i to w\u0142a\u015bnie w 100% otrzyma\u0142em od Wojtka. Poprzez sta\u0142y kontakt telefoniczny oraz platform\u0119 TP rozpozna\u0142 moje s\u0142abe strony i w taki spos\u00f3b dopasowa\u0142 moje treningi abym osi\u0105gn\u0105\u0142 upragniony progres, kt\u00f3rego nie uda\u0142o mi si\u0119 uzyska\u0107, mimo kilku lat treningu. Dzi\u0119ki jego zaanga\u017cowaniu potrafi\u0119 efektywnie pokonywa\u0107 dystans PRO, co zawsze by\u0142o dla mnie ogromnym wyzwaniem i nie lada wysi\u0142kiem. Dzi\u0119ki niemu treningi zmieni\u0142y si\u0119 z ci\u0119\u017ckich i monotonnych na urozmaicone, akceptowalne i co najwa\u017cniejsze efektywne. Szczerze polecam Wojtka CykloAnt&#8221;<\/p>\n\n\n\n<p>Wojtek Wojtyczka<\/p>\n<\/div><\/div>\n","protected":false},"excerpt":{"rendered":"<p>&#8221; Polecam Wojtka ka\u017cdemu, kto ma ochot\u0119 na ponadprzeci\u0119tne wyniki w kr\u00f3tkim czasie. Z zawodnika, kt\u00f3ry ko\u0144czy\u0142 zawody w okolicach 85-130 miejsce, zrobi\u0142 regularnie je\u017cd\u017c\u0105cego go\u015bcia, kt\u00f3ry przyje\u017cd\u017ca w okolicach 27-65 pozycji.Jestem pod opiek\u0105 Wojtka od listopada 2021 i ju\u017c w sezonie 2022 wyniki s\u0105 ponad za\u0142o\u017ceniami, kt\u00f3re mia\u0142em na pocz\u0105tku wsp\u00f3\u0142pracy. Treningi rozpisane indywidualnie&hellip; <a class=\"more-link\" href=\"https:\/\/cykloant.pl\/index.php\/opinie\/\">Czytaj dalej <span class=\"screen-reader-text\">Opinie<\/span><\/a><\/p>\n","protected":false},"author":1,"featured_media":0,"parent":0,"menu_order":0,"comment_status":"closed","ping_status":"closed","template":"","meta":{"footnotes":""},"class_list":["post-2692","page","type-page","status-publish","hentry","entry"],"_links":{"self":[{"href":"https:\/\/cykloant.pl\/index.php\/wp-json\/wp\/v2\/pages\/2692","targetHints":{"allow":["GET"]}}],"collection":[{"href":"https:\/\/cykloant.pl\/index.php\/wp-json\/wp\/v2\/pages"}],"about":[{"href":"https:\/\/cykloant.pl\/index.php\/wp-json\/wp\/v2\/types\/page"}],"author":[{"embeddable":true,"href":"https:\/\/cykloant.pl\/index.php\/wp-json\/wp\/v2\/users\/1"}],"replies":[{"embeddable":true,"href":"https:\/\/cykloant.pl\/index.php\/wp-json\/wp\/v2\/comments?post=2692"}],"version-history":[{"count":25,"href":"https:\/\/cykloant.pl\/index.php\/wp-json\/wp\/v2\/pages\/2692\/revisions"}],"predecessor-version":[{"id":2956,"href":"https:\/\/cykloant.pl\/index.php\/wp-json\/wp\/v2\/pages\/2692\/revisions\/2956"}],"wp:attachment":[{"href":"https:\/\/cykloant.pl\/index.php\/wp-json\/wp\/v2\/media?parent=2692"}],"curies":[{"name":"wp","href":"https:\/\/api.w.org\/{rel}","templated":true}]}}